{"id":11,"date":"2016-04-03T11:35:40","date_gmt":"2016-04-03T09:35:40","guid":{"rendered":"http:\/\/luxus-hotel-moebel.de\/?page_id=11"},"modified":"2017-06-11T15:52:23","modified_gmt":"2017-06-11T13:52:23","slug":"hotel-und-luxus-moebel-anbieter","status":"publish","type":"page","link":"https:\/\/www.luxus-hotel-moebel.de\/?page_id=11","title":{"rendered":"Hotel und Luxus M\u00f6bel Anbieter"},"content":{"rendered":"<p><img decoding=\"async\" loading=\"lazy\" class=\"alignnone wp-image-30\" src=\"http:\/\/luxus-hotel-moebel.de\/wp-content\/uploads\/2016\/04\/casa-padrino-png-300x212.png\" alt=\"casa-padrino-png\" width=\"77\" height=\"54\" srcset=\"https:\/\/www.luxus-hotel-moebel.de\/wp-content\/uploads\/2016\/04\/casa-padrino-png-300x212.png 300w, https:\/\/www.luxus-hotel-moebel.de\/wp-content\/uploads\/2016\/04\/casa-padrino-png-768x543.png 768w, https:\/\/www.luxus-hotel-moebel.de\/wp-content\/uploads\/2016\/04\/casa-padrino-png-1024x724.png 1024w, https:\/\/www.luxus-hotel-moebel.de\/wp-content\/uploads\/2016\/04\/casa-padrino-png-1200x848.png 1200w\" sizes=\"(max-width: 77px) 85vw, 77px\" \/><\/p>\n<p><strong>Casa Padrino Hotel &amp; Luxus M\u00f6bel<\/strong><br \/>\nDie Firma Casa Padrino aus Essen bietet eine riesige Auswahl an Luxus M\u00f6biliar und ausgefallenen Interior Einrichtungen.<\/p>\n<p>Diese Produkte sind ideal f\u00fcr Hotel und Gastronomie Einrichtungen im luxuri\u00f6sen Stil.<\/p>\n<p><img decoding=\"async\" loading=\"lazy\" class=\"alignnone size-medium wp-image-32\" src=\"http:\/\/luxus-hotel-moebel.de\/wp-content\/uploads\/2016\/04\/casa-padrino-barock-spiegelkonsole-lang-gold-300x250.jpg\" alt=\"casa-padrino-barock-spiegelkonsole-lang-gold\" width=\"300\" height=\"250\" srcset=\"https:\/\/www.luxus-hotel-moebel.de\/wp-content\/uploads\/2016\/04\/casa-padrino-barock-spiegelkonsole-lang-gold-300x250.jpg 300w, https:\/\/www.luxus-hotel-moebel.de\/wp-content\/uploads\/2016\/04\/casa-padrino-barock-spiegelkonsole-lang-gold.jpg 590w\" sizes=\"(max-width: 300px) 85vw, 300px\" \/><\/p>\n<p>Das Sortiment besteht aus St\u00fchlen, Sessel, Tische, freistehenden Badewannen, Konsolen, Spiegel, Kommoden, Schr\u00e4nke, Trolleys, sowie Luxus Wohnaccessoires wie Wein &amp; Champagnerk\u00fchler, Tabletts, Schalen, Vasen, Kerzenst\u00e4nder, Leuchten, Weinst\u00e4nder, Dressboys, Figuren, Skulpturen, Barock Tapeten sowie Wand Dekorationen.<\/p>\n<p>Das komplette Sortiment finden Sie unter<\/p>\n<p><strong><a href=\"http:\/\/www.casa-padrino.de\" target=\"_blank\" rel=\"noopener noreferrer\">www.casa-padrino.de<\/a><\/strong><\/p>\n<hr \/>\n<p><strong><a href=\"http:\/\/www.cpblack.de\" target=\"_blank\" rel=\"noopener noreferrer\"><img decoding=\"async\" loading=\"lazy\" class=\"alignnone wp-image-99\" src=\"http:\/\/luxus-hotel-moebel.de\/wp-content\/uploads\/2016\/04\/cp-black-logo-luxus-hotel-moebel-projekte-interior-design.jpg\" alt=\"\" width=\"96\" height=\"96\" srcset=\"https:\/\/www.luxus-hotel-moebel.de\/wp-content\/uploads\/2016\/04\/cp-black-logo-luxus-hotel-moebel-projekte-interior-design.jpg 945w, https:\/\/www.luxus-hotel-moebel.de\/wp-content\/uploads\/2016\/04\/cp-black-logo-luxus-hotel-moebel-projekte-interior-design-150x150.jpg 150w, https:\/\/www.luxus-hotel-moebel.de\/wp-content\/uploads\/2016\/04\/cp-black-logo-luxus-hotel-moebel-projekte-interior-design-300x300.jpg 300w, https:\/\/www.luxus-hotel-moebel.de\/wp-content\/uploads\/2016\/04\/cp-black-logo-luxus-hotel-moebel-projekte-interior-design-768x768.jpg 768w\" sizes=\"(max-width: 96px) 85vw, 96px\" \/><\/a><\/strong><\/p>\n<p><strong>CPBlack &#8211; High Class Luxury Furniture &amp; Decoration<\/strong><br \/>\nCPBlack.de beinhaltet die Luxus Kollektion von Casa Padrino.<br \/>\nHier werden absolute High Class M\u00f6bel und Dekorationsartikel Angeboten, die sich vor allem in 5 Sterne Hotels, sowie Gatsronomie Betriebe der oberen Klassen wiederfinden. Desweiteren werden Innenarchitekten, sowie Projektfirmen beliefert.<\/p>\n<p><strong><a href=\"http:\/\/www.cpblack.de\" target=\"_blank\" rel=\"noopener noreferrer\"><br \/>\n<img decoding=\"async\" loading=\"lazy\" class=\"alignnone size-large wp-image-98\" src=\"http:\/\/luxus-hotel-moebel.de\/wp-content\/uploads\/2016\/04\/cpblack-hotel-moebel-luxury-furniture-luxus-5-sterne-1024x390.jpg\" alt=\"\" width=\"840\" height=\"320\" srcset=\"https:\/\/www.luxus-hotel-moebel.de\/wp-content\/uploads\/2016\/04\/cpblack-hotel-moebel-luxury-furniture-luxus-5-sterne-1024x390.jpg 1024w, https:\/\/www.luxus-hotel-moebel.de\/wp-content\/uploads\/2016\/04\/cpblack-hotel-moebel-luxury-furniture-luxus-5-sterne-300x114.jpg 300w, https:\/\/www.luxus-hotel-moebel.de\/wp-content\/uploads\/2016\/04\/cpblack-hotel-moebel-luxury-furniture-luxus-5-sterne-768x292.jpg 768w, https:\/\/www.luxus-hotel-moebel.de\/wp-content\/uploads\/2016\/04\/cpblack-hotel-moebel-luxury-furniture-luxus-5-sterne-1200x457.jpg 1200w, https:\/\/www.luxus-hotel-moebel.de\/wp-content\/uploads\/2016\/04\/cpblack-hotel-moebel-luxury-furniture-luxus-5-sterne.jpg 1708w\" sizes=\"(max-width: 709px) 85vw, (max-width: 909px) 67vw, (max-width: 1362px) 62vw, 840px\" \/><\/a><\/strong><\/p>\n<p>Luxus Safes, Billiard Spieltische, Kommoden, Konsolen, edle Couchtische, futuristisch anmutende Leuchten, elegante St\u00fchle und Sessel, Luxus Sofas und vieles mehr beinhaltet die Kollektion von CPBlack.<\/p>\n<p><strong><a href=\"http:\/\/www.cpblack.de\" target=\"_blank\" rel=\"noopener noreferrer\">www.cpblack.de<\/a><\/strong><\/p>\n<hr \/>\n<p><strong><img decoding=\"async\" loading=\"lazy\" class=\"alignnone wp-image-35\" src=\"http:\/\/luxus-hotel-moebel.de\/wp-content\/uploads\/2016\/04\/b2binterior-logo-new2-300x132.jpg\" alt=\"b2binterior-logo-new2\" width=\"148\" height=\"65\" srcset=\"https:\/\/www.luxus-hotel-moebel.de\/wp-content\/uploads\/2016\/04\/b2binterior-logo-new2-300x132.jpg 300w, https:\/\/www.luxus-hotel-moebel.de\/wp-content\/uploads\/2016\/04\/b2binterior-logo-new2.jpg 558w\" sizes=\"(max-width: 148px) 85vw, 148px\" \/><\/strong><\/p>\n<p>B2bInterior.de &#8211; Hersteller von Barock und Design M\u00f6beln und Hotel Accessoires<\/p>\n<p>B2bInterior.de ist Hersteller von Barock und Design M\u00f6beln nach Kundenwunsch.<br \/>\nEs k\u00f6nnen barockes M\u00f6biliar in allen Formen und Fraben nach kundeneigenen Angaben hergestellt werden.<\/p>\n<p><img decoding=\"async\" loading=\"lazy\" class=\"alignnone size-medium wp-image-33\" src=\"http:\/\/luxus-hotel-moebel.de\/wp-content\/uploads\/2016\/04\/Casa-Padrino-Barock-Kommode-Braun-Gruene-Marmor-Platte-3a-300x294.jpg\" alt=\"Casa-Padrino-Barock-Kommode-Braun-Gruene-Marmor-Platte-3a\" width=\"300\" height=\"294\" srcset=\"https:\/\/www.luxus-hotel-moebel.de\/wp-content\/uploads\/2016\/04\/Casa-Padrino-Barock-Kommode-Braun-Gruene-Marmor-Platte-3a-300x294.jpg 300w, https:\/\/www.luxus-hotel-moebel.de\/wp-content\/uploads\/2016\/04\/Casa-Padrino-Barock-Kommode-Braun-Gruene-Marmor-Platte-3a-768x752.jpg 768w, https:\/\/www.luxus-hotel-moebel.de\/wp-content\/uploads\/2016\/04\/Casa-Padrino-Barock-Kommode-Braun-Gruene-Marmor-Platte-3a.jpg 775w\" sizes=\"(max-width: 300px) 85vw, 300px\" \/><br \/>\nDas Angebot richtet sich ausschlie\u00dflich an gewerbliche Kunden, wie Hotels, Restaurants, Cafes, Boutiquen, Messe Firmen, Eventagenturen, Architekten und Interior Ausstattern.<\/p>\n<p><strong><a href=\"http:\/\/www.b2binterior.de\" target=\"_blank\" rel=\"noopener noreferrer\">www.b2binterior.de<\/a><\/strong><\/p>\n<p>&nbsp;<\/p>\n<p><span style=\"border-radius: 2px; text-indent: 20px; width: auto; padding: 0px 4px 0px 0px; text-align: center; font: bold 11px\/20px 'Helvetica Neue',Helvetica,sans-serif; color: #ffffff; background: #bd081c no-repeat scroll 3px 50% \/ 14px 14px; position: absolute; opacity: 1; z-index: 8675309; display: none; cursor: pointer; top: 281px; left: 50px;\">Merken<\/span><\/p>\n<p><span style=\"border-radius: 2px; text-indent: 20px; width: auto; padding: 0px 4px 0px 0px; text-align: center; font: bold 11px\/20px 'Helvetica Neue',Helvetica,sans-serif; color: #ffffff; background: #bd081c  no-repeat scroll 3px 50% \/ 14px 14px; position: absolute; opacity: 1; z-index: 8675309; display: none; cursor: pointer; top: 1188px; left: 50px;\">Merken<\/span><\/p>\n","protected":false},"excerpt":{"rendered":"<p>Casa Padrino Hotel &amp; Luxus M\u00f6bel Die Firma Casa Padrino aus Essen bietet eine riesige Auswahl an Luxus M\u00f6biliar und ausgefallenen Interior Einrichtungen. Diese Produkte sind ideal f\u00fcr Hotel und Gastronomie Einrichtungen im luxuri\u00f6sen Stil. Das Sortiment besteht aus St\u00fchlen, Sessel, Tische, freistehenden Badewannen, Konsolen, Spiegel, Kommoden, Schr\u00e4nke, Trolleys, sowie Luxus Wohnaccessoires wie Wein &amp; &hellip; <a href=\"https:\/\/www.luxus-hotel-moebel.de\/?page_id=11\" class=\"more-link\"><span class=\"screen-reader-text\">\u201eHotel und Luxus M\u00f6bel Anbieter\u201c<\/span> weiterlesen<\/a><\/p>\n","protected":false},"author":1,"featured_media":0,"parent":0,"menu_order":0,"comment_status":"closed","ping_status":"closed","template":"","meta":[],"_links":{"self":[{"href":"https:\/\/www.luxus-hotel-moebel.de\/index.php?rest_route=\/wp\/v2\/pages\/11"}],"collection":[{"href":"https:\/\/www.luxus-hotel-moebel.de\/index.php?rest_route=\/wp\/v2\/pages"}],"about":[{"href":"https:\/\/www.luxus-hotel-moebel.de\/index.php?rest_route=\/wp\/v2\/types\/page"}],"author":[{"embeddable":true,"href":"https:\/\/www.luxus-hotel-moebel.de\/index.php?rest_route=\/wp\/v2\/users\/1"}],"replies":[{"embeddable":true,"href":"https:\/\/www.luxus-hotel-moebel.de\/index.php?rest_route=%2Fwp%2Fv2%2Fcomments&post=11"}],"version-history":[{"count":8,"href":"https:\/\/www.luxus-hotel-moebel.de\/index.php?rest_route=\/wp\/v2\/pages\/11\/revisions"}],"predecessor-version":[{"id":101,"href":"https:\/\/www.luxus-hotel-moebel.de\/index.php?rest_route=\/wp\/v2\/pages\/11\/revisions\/101"}],"wp:attachment":[{"href":"https:\/\/www.luxus-hotel-moebel.de\/index.php?rest_route=%2Fwp%2Fv2%2Fmedia&parent=11"}],"curies":[{"name":"wp","href":"https:\/\/api.w.org\/{rel}","templated":true}]}}